{"id":818,"date":"2020-05-27T17:50:49","date_gmt":"2020-05-27T15:50:49","guid":{"rendered":"https:\/\/support.geostru.eu\/consulenza-e-progettazione\/"},"modified":"2020-06-26T15:48:15","modified_gmt":"2020-06-26T13:48:15","slug":"consulenza-e-progettazione","status":"publish","type":"page","link":"https:\/\/support.geostru.eu\/es\/consulenza-e-progettazione\/","title":{"rendered":"Consultor\u00eda y proyectos"},"content":{"rendered":"<p><span style=\"font-weight: 400\">Nuestro equipo de trabajo tiene la experiencia de cientos de trabajos alrededor del mundo. Somos consultores de importantes grupos p\u00fablicos y privados y colaboramos con universidades e institutos en \u00e1mbito internacional.<\/span><\/p>\n<p><span style=\"font-weight: 400\">Los servicios ofrecidos son tanto de dise\u00f1o de proyectos como de consultor\u00eda y, gracias a interdisciplinariedad de nuestros t\u00e9cnicos, estamos en grado de participar desde el inicio en las diferentes fases del proyecto; partiendo desde el estudio inicial hasta la redacci\u00f3n del proyecto constructivo. \u00a0<\/span><\/p>\n<p><span style=\"font-weight: 400\">Las\u00a0disciplinas t\u00e9cnicas en las que operamos son:<\/span><\/p>\n<ul>\n<li style=\"font-weight: 400\"><span style=\"font-weight: 400\">Ingenier\u00eda estructural<\/span><\/li>\n<li style=\"font-weight: 400\"><span style=\"font-weight: 400\">Ingenier\u00eda Geot\u00e9cnica<\/span><\/li>\n<li style=\"font-weight: 400\"><span style=\"font-weight: 400\">Ingenier\u00eda S\u00edsmica<\/span><\/li>\n<li style=\"font-weight: 400\"><span style=\"font-weight: 400\">Ingenier\u00eda Ambiental<\/span><\/li>\n<li style=\"font-weight: 400\"><span style=\"font-weight: 400\">Geolog\u00eda Aplicada<\/span><\/li>\n<li style=\"font-weight: 400\"><span style=\"font-weight: 400\">Ingenier\u00eda del Territorio<\/span><\/li>\n<li style=\"font-weight: 400\"><span style=\"font-weight: 400\">Seguridad<\/span><\/li>\n<\/ul>\n","protected":false},"excerpt":{"rendered":"<p>Nuestro equipo de trabajo tiene la experiencia de cientos de trabajos alrededor del mundo. Somos consultores de importantes grupos p\u00fablicos y privados y colaboramos con universidades e institutos en \u00e1mbito internacional. Los servicios ofrecidos son tanto de dise\u00f1o de proyectos como de consultor\u00eda y, gracias a interdisciplinariedad de nuestros t\u00e9cnicos, estamos en grado de participar&hellip;<\/p>\n","protected":false},"author":16658,"featured_media":0,"parent":0,"menu_order":0,"comment_status":"closed","ping_status":"closed","template":"","meta":{"footnotes":""},"class_list":["post-818","page","type-page","status-publish","hentry","description-off"],"_links":{"self":[{"href":"https:\/\/support.geostru.eu\/es\/wp-json\/wp\/v2\/pages\/818"}],"collection":[{"href":"https:\/\/support.geostru.eu\/es\/wp-json\/wp\/v2\/pages"}],"about":[{"href":"https:\/\/support.geostru.eu\/es\/wp-json\/wp\/v2\/types\/page"}],"author":[{"embeddable":true,"href":"https:\/\/support.geostru.eu\/es\/wp-json\/wp\/v2\/users\/16658"}],"replies":[{"embeddable":true,"href":"https:\/\/support.geostru.eu\/es\/wp-json\/wp\/v2\/comments?post=818"}],"version-history":[{"count":2,"href":"https:\/\/support.geostru.eu\/es\/wp-json\/wp\/v2\/pages\/818\/revisions"}],"predecessor-version":[{"id":848,"href":"https:\/\/support.geostru.eu\/es\/wp-json\/wp\/v2\/pages\/818\/revisions\/848"}],"wp:attachment":[{"href":"https:\/\/support.geostru.eu\/es\/wp-json\/wp\/v2\/media?parent=818"}],"curies":[{"name":"wp","href":"https:\/\/api.w.org\/{rel}","templated":true}]}}